{"id":323,"date":"2025-12-06T14:54:29","date_gmt":"2025-12-06T13:54:29","guid":{"rendered":"http:\/\/santolucarenovation.fr\/index.php\/blog\/"},"modified":"2025-12-13T08:37:04","modified_gmt":"2025-12-13T07:37:04","slug":"blog","status":"publish","type":"page","link":"https:\/\/santolucarenovation.fr\/index.php\/blog\/","title":{"rendered":"Blog"},"content":{"rendered":"\n<p>Dans mon blog, je vous partage le suivi de mes chantiers.<br><br>Je mets en avant mes r\u00e9alisations et ma ma\u00eetrise d&rsquo;ouvrage pour mes clients. De l&rsquo;installation de mon mat\u00e9riel \u00e0 la validation des livraisons de mat\u00e9riaux, je g\u00e8re aussi bien mon chantier que votre projet global en pilotant d&rsquo;autres corps de m\u00e9tier si besoin. J&rsquo;ai d&rsquo;ailleurs un carnet de professionnels install\u00e9s depuis longtemps, s\u00e9rieux et avec qui j&rsquo;ai l&rsquo;habitude de travailler.<\/p>\n\n\n\n<p>Ci dessous, le lien vers des articles<\/p>\n\n\n<ul class=\"wp-block-latest-posts__list wp-block-latest-posts\"><li><a class=\"wp-block-latest-posts__post-title\" href=\"https:\/\/santolucarenovation.fr\/index.php\/2025\/11\/19\/projets\/\">Projets<\/a><\/li>\n<\/ul>","protected":false},"excerpt":{"rendered":"<p>Dans mon blog, je vous partage le suivi de mes chantiers. Je mets en avant mes r\u00e9alisations et ma ma\u00eetrise d&rsquo;ouvrage pour mes clients. De l&rsquo;installation de mon mat\u00e9riel \u00e0 la validation des livraisons de mat\u00e9riaux, je g\u00e8re aussi bien mon chantier que votre projet global en pilotant d&rsquo;autres corps de m\u00e9tier si besoin. J&rsquo;ai [&hellip;]<\/p>\n","protected":false},"author":1,"featured_media":79,"parent":0,"menu_order":0,"comment_status":"closed","ping_status":"closed","template":"","meta":{"slim_seo":{"title":"Blog - Santoluca R\u00e9novation","description":"Dans mon blog, je vous partage le suivi de mes chantiers. Je mets en avant mes r\u00e9alisations et ma ma\u00eetrise d'ouvrage pour mes clients. De l'installation de mon"},"footnotes":""},"class_list":["post-323","page","type-page","status-publish","has-post-thumbnail","hentry"],"yoast_head":"<!-- This site is optimized with the Yoast SEO plugin v27.3 - https:\/\/yoast.com\/product\/yoast-seo-wordpress\/ -->\n<title>Blog - Santoluca R\u00e9novation<\/title>\n<meta name=\"robots\" content=\"index, follow, max-snippet:-1, max-image-preview:large, max-video-preview:-1\" \/>\n<link rel=\"canonical\" href=\"http:\/\/santolucarenovation.fr\/index.php\/blog\/\" \/>\n<meta property=\"og:locale\" content=\"fr_FR\" \/>\n<meta property=\"og:type\" content=\"article\" \/>\n<meta property=\"og:title\" content=\"Blog - Santoluca R\u00e9novation\" \/>\n<meta property=\"og:description\" content=\"Dans mon blog, je vous partage le suivi de mes chantiers. Je mets en avant mes r\u00e9alisations et ma ma\u00eetrise d&rsquo;ouvrage pour mes clients. De l&rsquo;installation de mon mat\u00e9riel \u00e0 la validation des livraisons de mat\u00e9riaux, je g\u00e8re aussi bien mon chantier que votre projet global en pilotant d&rsquo;autres corps de m\u00e9tier si besoin. J&rsquo;ai [&hellip;]\" \/>\n<meta property=\"og:url\" content=\"http:\/\/santolucarenovation.fr\/index.php\/blog\/\" \/>\n<meta property=\"og:site_name\" content=\"Santoluca R\u00e9novation\" \/>\n<meta property=\"article:modified_time\" content=\"2025-12-13T07:37:04+00:00\" \/>\n<meta property=\"og:image\" content=\"http:\/\/santolucarenovation.fr\/wp-content\/uploads\/2025\/11\/logo-santo-1.png\" \/>\n\t<meta property=\"og:image:width\" content=\"747\" \/>\n\t<meta property=\"og:image:height\" content=\"209\" \/>\n\t<meta property=\"og:image:type\" content=\"image\/png\" \/>\n<meta name=\"twitter:card\" content=\"summary_large_image\" \/>\n<meta name=\"twitter:label1\" content=\"Dur\u00e9e de lecture estim\u00e9e\" \/>\n\t<meta name=\"twitter:data1\" content=\"1 minute\" \/>\n<script type=\"application\/ld+json\" class=\"yoast-schema-graph\">{\"@context\":\"https:\\\/\\\/schema.org\",\"@graph\":[{\"@type\":[\"WebPage\",\"CollectionPage\"],\"@id\":\"http:\\\/\\\/santolucarenovation.fr\\\/index.php\\\/blog\\\/\",\"url\":\"http:\\\/\\\/santolucarenovation.fr\\\/index.php\\\/blog\\\/\",\"name\":\"Blog - Santoluca R\u00e9novation\",\"isPartOf\":{\"@id\":\"http:\\\/\\\/santolucarenovation.fr\\\/#website\"},\"primaryImageOfPage\":{\"@id\":\"http:\\\/\\\/santolucarenovation.fr\\\/index.php\\\/blog\\\/#primaryimage\"},\"image\":{\"@id\":\"http:\\\/\\\/santolucarenovation.fr\\\/index.php\\\/blog\\\/#primaryimage\"},\"thumbnailUrl\":\"https:\\\/\\\/santolucarenovation.fr\\\/wp-content\\\/uploads\\\/2025\\\/11\\\/logo-santo-1.png\",\"datePublished\":\"2025-12-06T13:54:29+00:00\",\"dateModified\":\"2025-12-13T07:37:04+00:00\",\"breadcrumb\":{\"@id\":\"http:\\\/\\\/santolucarenovation.fr\\\/index.php\\\/blog\\\/#breadcrumb\"},\"inLanguage\":\"fr-FR\"},{\"@type\":\"ImageObject\",\"inLanguage\":\"fr-FR\",\"@id\":\"http:\\\/\\\/santolucarenovation.fr\\\/index.php\\\/blog\\\/#primaryimage\",\"url\":\"https:\\\/\\\/santolucarenovation.fr\\\/wp-content\\\/uploads\\\/2025\\\/11\\\/logo-santo-1.png\",\"contentUrl\":\"https:\\\/\\\/santolucarenovation.fr\\\/wp-content\\\/uploads\\\/2025\\\/11\\\/logo-santo-1.png\",\"width\":747,\"height\":209,\"caption\":\"logo-santoluca r\u00e9novation\"},{\"@type\":\"BreadcrumbList\",\"@id\":\"http:\\\/\\\/santolucarenovation.fr\\\/index.php\\\/blog\\\/#breadcrumb\",\"itemListElement\":[{\"@type\":\"ListItem\",\"position\":1,\"name\":\"Accueil\",\"item\":\"http:\\\/\\\/santolucarenovation.fr\\\/\"},{\"@type\":\"ListItem\",\"position\":2,\"name\":\"Blog\"}]},{\"@type\":\"WebSite\",\"@id\":\"http:\\\/\\\/santolucarenovation.fr\\\/#website\",\"url\":\"http:\\\/\\\/santolucarenovation.fr\\\/\",\"name\":\"Santoluca R\u00e9novation\",\"description\":\"Votre ma\u00e7on sur le pays de Sommi\u00e8res\",\"publisher\":{\"@id\":\"http:\\\/\\\/santolucarenovation.fr\\\/#organization\"},\"potentialAction\":[{\"@type\":\"SearchAction\",\"target\":{\"@type\":\"EntryPoint\",\"urlTemplate\":\"http:\\\/\\\/santolucarenovation.fr\\\/?s={search_term_string}\"},\"query-input\":{\"@type\":\"PropertyValueSpecification\",\"valueRequired\":true,\"valueName\":\"search_term_string\"}}],\"inLanguage\":\"fr-FR\"},{\"@type\":\"Organization\",\"@id\":\"http:\\\/\\\/santolucarenovation.fr\\\/#organization\",\"name\":\"Santoluca R\u00e9novation\",\"url\":\"http:\\\/\\\/santolucarenovation.fr\\\/\",\"logo\":{\"@type\":\"ImageObject\",\"inLanguage\":\"fr-FR\",\"@id\":\"http:\\\/\\\/santolucarenovation.fr\\\/#\\\/schema\\\/logo\\\/image\\\/\",\"url\":\"https:\\\/\\\/santolucarenovation.fr\\\/wp-content\\\/uploads\\\/2025\\\/11\\\/logo-santo-1.png\",\"contentUrl\":\"https:\\\/\\\/santolucarenovation.fr\\\/wp-content\\\/uploads\\\/2025\\\/11\\\/logo-santo-1.png\",\"width\":747,\"height\":209,\"caption\":\"Santoluca R\u00e9novation\"},\"image\":{\"@id\":\"http:\\\/\\\/santolucarenovation.fr\\\/#\\\/schema\\\/logo\\\/image\\\/\"}}]}<\/script>\n<!-- \/ Yoast SEO plugin. -->","yoast_head_json":{"title":"Blog - Santoluca R\u00e9novation","robots":{"index":"index","follow":"follow","max-snippet":"max-snippet:-1","max-image-preview":"max-image-preview:large","max-video-preview":"max-video-preview:-1"},"canonical":"http:\/\/santolucarenovation.fr\/index.php\/blog\/","og_locale":"fr_FR","og_type":"article","og_title":"Blog - Santoluca R\u00e9novation","og_description":"Dans mon blog, je vous partage le suivi de mes chantiers. Je mets en avant mes r\u00e9alisations et ma ma\u00eetrise d&rsquo;ouvrage pour mes clients. De l&rsquo;installation de mon mat\u00e9riel \u00e0 la validation des livraisons de mat\u00e9riaux, je g\u00e8re aussi bien mon chantier que votre projet global en pilotant d&rsquo;autres corps de m\u00e9tier si besoin. J&rsquo;ai [&hellip;]","og_url":"http:\/\/santolucarenovation.fr\/index.php\/blog\/","og_site_name":"Santoluca R\u00e9novation","article_modified_time":"2025-12-13T07:37:04+00:00","og_image":[{"width":747,"height":209,"url":"http:\/\/santolucarenovation.fr\/wp-content\/uploads\/2025\/11\/logo-santo-1.png","type":"image\/png"}],"twitter_card":"summary_large_image","twitter_misc":{"Dur\u00e9e de lecture estim\u00e9e":"1 minute"},"schema":{"@context":"https:\/\/schema.org","@graph":[{"@type":["WebPage","CollectionPage"],"@id":"http:\/\/santolucarenovation.fr\/index.php\/blog\/","url":"http:\/\/santolucarenovation.fr\/index.php\/blog\/","name":"Blog - Santoluca R\u00e9novation","isPartOf":{"@id":"http:\/\/santolucarenovation.fr\/#website"},"primaryImageOfPage":{"@id":"http:\/\/santolucarenovation.fr\/index.php\/blog\/#primaryimage"},"image":{"@id":"http:\/\/santolucarenovation.fr\/index.php\/blog\/#primaryimage"},"thumbnailUrl":"https:\/\/santolucarenovation.fr\/wp-content\/uploads\/2025\/11\/logo-santo-1.png","datePublished":"2025-12-06T13:54:29+00:00","dateModified":"2025-12-13T07:37:04+00:00","breadcrumb":{"@id":"http:\/\/santolucarenovation.fr\/index.php\/blog\/#breadcrumb"},"inLanguage":"fr-FR"},{"@type":"ImageObject","inLanguage":"fr-FR","@id":"http:\/\/santolucarenovation.fr\/index.php\/blog\/#primaryimage","url":"https:\/\/santolucarenovation.fr\/wp-content\/uploads\/2025\/11\/logo-santo-1.png","contentUrl":"https:\/\/santolucarenovation.fr\/wp-content\/uploads\/2025\/11\/logo-santo-1.png","width":747,"height":209,"caption":"logo-santoluca r\u00e9novation"},{"@type":"BreadcrumbList","@id":"http:\/\/santolucarenovation.fr\/index.php\/blog\/#breadcrumb","itemListElement":[{"@type":"ListItem","position":1,"name":"Accueil","item":"http:\/\/santolucarenovation.fr\/"},{"@type":"ListItem","position":2,"name":"Blog"}]},{"@type":"WebSite","@id":"http:\/\/santolucarenovation.fr\/#website","url":"http:\/\/santolucarenovation.fr\/","name":"Santoluca R\u00e9novation","description":"Votre ma\u00e7on sur le pays de Sommi\u00e8res","publisher":{"@id":"http:\/\/santolucarenovation.fr\/#organization"},"potentialAction":[{"@type":"SearchAction","target":{"@type":"EntryPoint","urlTemplate":"http:\/\/santolucarenovation.fr\/?s={search_term_string}"},"query-input":{"@type":"PropertyValueSpecification","valueRequired":true,"valueName":"search_term_string"}}],"inLanguage":"fr-FR"},{"@type":"Organization","@id":"http:\/\/santolucarenovation.fr\/#organization","name":"Santoluca R\u00e9novation","url":"http:\/\/santolucarenovation.fr\/","logo":{"@type":"ImageObject","inLanguage":"fr-FR","@id":"http:\/\/santolucarenovation.fr\/#\/schema\/logo\/image\/","url":"https:\/\/santolucarenovation.fr\/wp-content\/uploads\/2025\/11\/logo-santo-1.png","contentUrl":"https:\/\/santolucarenovation.fr\/wp-content\/uploads\/2025\/11\/logo-santo-1.png","width":747,"height":209,"caption":"Santoluca R\u00e9novation"},"image":{"@id":"http:\/\/santolucarenovation.fr\/#\/schema\/logo\/image\/"}}]}},"_links":{"self":[{"href":"https:\/\/santolucarenovation.fr\/index.php\/wp-json\/wp\/v2\/pages\/323","targetHints":{"allow":["GET"]}}],"collection":[{"href":"https:\/\/santolucarenovation.fr\/index.php\/wp-json\/wp\/v2\/pages"}],"about":[{"href":"https:\/\/santolucarenovation.fr\/index.php\/wp-json\/wp\/v2\/types\/page"}],"author":[{"embeddable":true,"href":"https:\/\/santolucarenovation.fr\/index.php\/wp-json\/wp\/v2\/users\/1"}],"replies":[{"embeddable":true,"href":"https:\/\/santolucarenovation.fr\/index.php\/wp-json\/wp\/v2\/comments?post=323"}],"version-history":[{"count":3,"href":"https:\/\/santolucarenovation.fr\/index.php\/wp-json\/wp\/v2\/pages\/323\/revisions"}],"predecessor-version":[{"id":360,"href":"https:\/\/santolucarenovation.fr\/index.php\/wp-json\/wp\/v2\/pages\/323\/revisions\/360"}],"wp:featuredmedia":[{"embeddable":true,"href":"https:\/\/santolucarenovation.fr\/index.php\/wp-json\/wp\/v2\/media\/79"}],"wp:attachment":[{"href":"https:\/\/santolucarenovation.fr\/index.php\/wp-json\/wp\/v2\/media?parent=323"}],"curies":[{"name":"wp","href":"https:\/\/api.w.org\/{rel}","templated":true}]}}