{"id":242,"date":"2025-12-05T07:24:13","date_gmt":"2025-12-05T06:24:13","guid":{"rendered":"http:\/\/santolucarenovation.fr\/?page_id=242"},"modified":"2025-12-06T14:51:38","modified_gmt":"2025-12-06T13:51:38","slug":"macon-sommieres-et-alentours-construction-et-renovation-habitat","status":"publish","type":"page","link":"https:\/\/santolucarenovation.fr\/index.php\/macon-sommieres-et-alentours-construction-et-renovation-habitat\/","title":{"rendered":"Ma\u00e7on sommi\u00e8res et environ construction et r\u00e9novation habitat"},"content":{"rendered":"\n<ul class=\"wp-block-list\">\n<li><strong>R\u00e9novation de l\u2019Ancien :&nbsp;<\/strong> Ma\u00eetrise des techniques traditionnelles pour redonner vie \u00e0 vos mas, bastides et maisons en pierre.<\/li>\n\n\n\n<li><strong>Agrandissement &amp; Extension :&nbsp;<\/strong> Cr\u00e9ation d\u2019espaces de vie suppl\u00e9mentaires : garage, v\u00e9randa, sur\u00e9l\u00e9vation, cr\u00e9ation d\u2019ouvertures (IPN).<\/li>\n\n\n\n<li><strong>Ma\u00e7onnerie G\u00e9n\u00e9rale :&nbsp;<\/strong> Murs de sout\u00e8nement, pose de dalles (terrasse\/all\u00e9e), fondations et travaux de gros \u0153uvre.<\/li>\n<\/ul>\n\n\n\n<h2 class=\"wp-block-heading\">Travaux de r\u00e9novation<\/h2>\n\n\n\n<div class=\"wp-block-buttons is-content-justification-center is-layout-flex wp-container-core-buttons-is-layout-a89b3969 wp-block-buttons-is-layout-flex\">\n<div class=\"wp-block-button\"><a class=\"wp-block-button__link wp-element-button\" href=\"sms:\u202d+33627314539\u202c\">SMS<\/a><\/div>\n\n\n\n<div class=\"wp-block-button\"><a class=\"wp-block-button__link wp-element-button\" href=\"tel:\u202d+33627314539\u202c\">Appel<\/a><\/div>\n<\/div>\n\n\n\n<div class=\"wp-block-gmap-gmap-block gmap-block-os1mj4wp\"><iframe src=\"https:\/\/maps.google.com\/maps?q=villevieille&amp;z=10&amp;t=roadmap&amp;output=embed\" class=\"embd-map\" title=\"villevieille\"><\/iframe><\/div>\n\n\n\n<h2 class=\"wp-block-heading\">Zone d&rsquo;intervention 30 km autour de Sommi\u00e8res<\/h2>\n\n\n\n<p>Cette liste repr\u00e9sente l\u2019ensemble des communes et villes comprises dans ma zone d\u2019intervention directe, s\u2019\u00e9tendant dans un rayon d\u2019environ 30 km autour de Sommi\u00e8res. Cette proximit\u00e9 g\u00e9ographique me permet d\u2019assurer un service optimal et rapide \u00e0 tous les r\u00e9sidents et entreprises de ces localit\u00e9s.<\/p>\n\n\n\n<p>Sommi\u00e8res, Villevieille, Aujargues, Boisseron, Junas, Saussines, Salinelles, Campagne, Saint-G\u00e9ni\u00e8s-des-Mourgues, Fontan\u00e8s, Cong\u00e9nies, Galargues, Asp\u00e8res, Saint-S\u00e9ri\u00e8s, Lecques, Saturargues, Villetelle, Calvisson, Souvignargues, Saint-Nazaire-des-Gardies, V\u00eaz\u00e9nobres, Combas, Lunel-Viel, Saint-Just, Dions, Saint-Jean-de-Serres, Sussargues, Montpezat, V\u00e9rargues, Montagnac, Parignargues, Saint-Cl\u00e9ment, Sardan, Mudaison, Crespian, Fons, Montmirat.<\/p>\n\n\n\n<div class=\"wp-block-buttons is-content-justification-center is-layout-flex wp-container-core-buttons-is-layout-a89b3969 wp-block-buttons-is-layout-flex\">\n<div class=\"wp-block-button\"><a class=\"wp-block-button__link wp-element-button\" href=\"sms:\u202d+33627314539\u202c\">SMS<\/a><\/div>\n\n\n\n<div class=\"wp-block-button\"><a class=\"wp-block-button__link wp-element-button\" href=\"tel:\u202d+33627314539\u202c\">Appel<\/a><\/div>\n<\/div>\n\n\n\n<figure class=\"wp-block-image size-full\"><img loading=\"lazy\" decoding=\"async\" width=\"991\" height=\"582\" src=\"http:\/\/santolucarenovation.fr\/wp-content\/uploads\/2025\/12\/IMG_0783.jpg\" alt=\"santoluca r\u00e9novation\" class=\"wp-image-272\" srcset=\"https:\/\/santolucarenovation.fr\/wp-content\/uploads\/2025\/12\/IMG_0783.jpg 991w, https:\/\/santolucarenovation.fr\/wp-content\/uploads\/2025\/12\/IMG_0783-300x176.jpg 300w, https:\/\/santolucarenovation.fr\/wp-content\/uploads\/2025\/12\/IMG_0783-768x451.jpg 768w\" sizes=\"auto, (max-width: 991px) 100vw, 991px\" \/><figcaption class=\"wp-element-caption\">santoluca r\u00e9novation<\/figcaption><\/figure>\n\n\n\n<h2 class=\"wp-block-heading\">15 ans d\u2019exp\u00e9rience<\/h2>\n\n\n\n<p><strong>Santoluca R\u00e9novation<\/strong>&nbsp;est votre&nbsp;<strong>artisan ma\u00e7on expert en ma\u00e7onnerie traditionnelle et r\u00e9novation<\/strong> depuis plus de 15<strong>&nbsp;ans<\/strong>. Bas\u00e9e \u00e0&nbsp;<strong>Villevieille \u00e0 c\u00f4t\u00e9 de Sommi\u00e8res<\/strong>, Thomas Santoluca est un passionn\u00e9 du b\u00e2ti ancien qui met son savoir-faire au service de vos projets.&nbsp;Nous accompagnons particuliers et professionnels dans tous leurs travaux de&nbsp;<strong>ma\u00e7onnerie g\u00e9n\u00e9rale<\/strong>&nbsp;: de la&nbsp;<strong>r\u00e9novation compl\u00e8te de mas en pierre<\/strong>&nbsp;et de b\u00e2tisses anciennes, \u00e0 la&nbsp;<strong>pose de dalles<\/strong>, la&nbsp;<strong>cr\u00e9ation d\u2019ouvertures<\/strong>&nbsp;(IPN), de piscine \/ poolhouse, l\u2019<strong>agrandissement de maison<\/strong>&nbsp;ou la r\u00e9alisation de&nbsp;<strong>murs de sout\u00e8nement<\/strong>.&nbsp;Notre engagement est d\u2019assurer des prestations de&nbsp;<strong>qualit\u00e9 durable<\/strong>, r\u00e9alis\u00e9es dans les r\u00e8gles de l\u2019art, avec s\u00e9rieux et le&nbsp;<strong>respect des mat\u00e9riaux traditionnels<\/strong>. Nous intervenons dans un rayon maximum de 30 km autour de&nbsp;<strong>Sommi\u00e8res.<\/strong><\/p>\n\n\n\n<div class=\"wp-block-buttons is-content-justification-center is-layout-flex wp-container-core-buttons-is-layout-a89b3969 wp-block-buttons-is-layout-flex\">\n<div class=\"wp-block-button\"><a class=\"wp-block-button__link wp-element-button\" href=\"sms:\u202d+33627314539\u202c\">SMS<\/a><\/div>\n\n\n\n<div class=\"wp-block-button\"><a class=\"wp-block-button__link wp-element-button\" href=\"tel:\u202d+33627314539\u202c\">Appel<\/a><\/div>\n<\/div>\n\n\n\n<ul class=\"wp-block-social-links is-layout-flex wp-block-social-links-is-layout-flex\"><li class=\"wp-social-link wp-social-link-facebook  wp-block-social-link\"><a href=\"https:\/\/www.facebook.com\/p\/R%C3%A9novation-b%C3%A2timent-100063625805782\/\" class=\"wp-block-social-link-anchor\"><svg width=\"24\" height=\"24\" viewBox=\"0 0 24 24\" version=\"1.1\" xmlns=\"http:\/\/www.w3.org\/2000\/svg\" aria-hidden=\"true\" focusable=\"false\"><path d=\"M12 2C6.5 2 2 6.5 2 12c0 5 3.7 9.1 8.4 9.9v-7H7.9V12h2.5V9.8c0-2.5 1.5-3.9 3.8-3.9 1.1 0 2.2.2 2.2.2v2.5h-1.3c-1.2 0-1.6.8-1.6 1.6V12h2.8l-.4 2.9h-2.3v7C18.3 21.1 22 17 22 12c0-5.5-4.5-10-10-10z\"><\/path><\/svg><span class=\"wp-block-social-link-label screen-reader-text\">Facebook<\/span><\/a><\/li><\/ul>\n","protected":false},"excerpt":{"rendered":"<p>Travaux de r\u00e9novation Zone d&rsquo;intervention 30 km autour de Sommi\u00e8res Cette liste repr\u00e9sente l\u2019ensemble des communes et villes comprises dans ma zone d\u2019intervention directe, s\u2019\u00e9tendant dans un rayon d\u2019environ 30 km autour de Sommi\u00e8res. Cette proximit\u00e9 g\u00e9ographique me permet d\u2019assurer un service optimal et rapide \u00e0 tous les r\u00e9sidents et entreprises de ces localit\u00e9s. Sommi\u00e8res, [&hellip;]<\/p>\n","protected":false},"author":1,"featured_media":160,"parent":0,"menu_order":0,"comment_status":"closed","ping_status":"closed","template":"","meta":{"slim_seo":{"title":"Ma\u00e7on sommi\u00e8res et alentours construction et r\u00e9novation","description":"Santoluca R\u00e9novation est votre ma\u00e7on sur sommi\u00e8res et alentours construction et r\u00e9novation habitat sur mesure depuis plus de 15 ans.","facebook_image":"https:\/\/www.facebook.com\/p\/Rnovation-btiment-100063625805782\/"},"footnotes":""},"class_list":["post-242","page","type-page","status-publish","has-post-thumbnail","hentry"],"yoast_head":"<!-- This site is optimized with the Yoast SEO plugin v27.3 - https:\/\/yoast.com\/product\/yoast-seo-wordpress\/ -->\n<title>Ma\u00e7on sommi\u00e8res et environ construction et r\u00e9novation habitat - Santoluca R\u00e9novation<\/title>\n<meta name=\"description\" content=\"Santoluca R\u00e9novation est votre artisan ma\u00e7on expert en r\u00e9novation et construction sur mesure depuis plus de 15 ans. Sommi\u00e8res et alentours\" \/>\n<meta name=\"robots\" content=\"index, follow, max-snippet:-1, max-image-preview:large, max-video-preview:-1\" \/>\n<link rel=\"canonical\" href=\"http:\/\/santolucarenovation.fr\/index.php\/macon-sommieres-et-alentours-construction-et-renovation-habitat\/\" \/>\n<meta property=\"og:locale\" content=\"fr_FR\" \/>\n<meta property=\"og:type\" content=\"article\" \/>\n<meta property=\"og:title\" content=\"Santoluca R\u00e9novation Ma\u00e7on sommi\u00e8res et environ construction et r\u00e9novation habitat\" \/>\n<meta property=\"og:description\" content=\"Santoluca R\u00e9novation Ma\u00e7on sommi\u00e8res et environ construction et r\u00e9novation habitat\" \/>\n<meta property=\"og:url\" content=\"http:\/\/santolucarenovation.fr\/index.php\/macon-sommieres-et-alentours-construction-et-renovation-habitat\/\" \/>\n<meta property=\"og:site_name\" content=\"Santoluca R\u00e9novation\" \/>\n<meta property=\"article:modified_time\" content=\"2025-12-06T13:51:38+00:00\" \/>\n<meta property=\"og:image\" content=\"http:\/\/santolucarenovation.fr\/wp-content\/uploads\/2025\/11\/Design-sans-titre-8.png\" \/>\n\t<meta property=\"og:image:width\" content=\"1366\" \/>\n\t<meta property=\"og:image:height\" content=\"768\" \/>\n\t<meta property=\"og:image:type\" content=\"image\/png\" \/>\n<meta name=\"twitter:card\" content=\"summary_large_image\" \/>\n<meta name=\"twitter:label1\" content=\"Dur\u00e9e de lecture estim\u00e9e\" \/>\n\t<meta name=\"twitter:data1\" content=\"2 minutes\" \/>\n<script type=\"application\/ld+json\" class=\"yoast-schema-graph\">{\"@context\":\"https:\\\/\\\/schema.org\",\"@graph\":[{\"@type\":\"WebPage\",\"@id\":\"http:\\\/\\\/santolucarenovation.fr\\\/index.php\\\/macon-sommieres-et-alentours-construction-et-renovation-habitat\\\/\",\"url\":\"http:\\\/\\\/santolucarenovation.fr\\\/index.php\\\/macon-sommieres-et-alentours-construction-et-renovation-habitat\\\/\",\"name\":\"Ma\u00e7on sommi\u00e8res et environ construction et r\u00e9novation habitat - Santoluca R\u00e9novation\",\"isPartOf\":{\"@id\":\"http:\\\/\\\/santolucarenovation.fr\\\/#website\"},\"primaryImageOfPage\":{\"@id\":\"http:\\\/\\\/santolucarenovation.fr\\\/index.php\\\/macon-sommieres-et-alentours-construction-et-renovation-habitat\\\/#primaryimage\"},\"image\":{\"@id\":\"http:\\\/\\\/santolucarenovation.fr\\\/index.php\\\/macon-sommieres-et-alentours-construction-et-renovation-habitat\\\/#primaryimage\"},\"thumbnailUrl\":\"https:\\\/\\\/santolucarenovation.fr\\\/wp-content\\\/uploads\\\/2025\\\/11\\\/Design-sans-titre-8.png\",\"datePublished\":\"2025-12-05T06:24:13+00:00\",\"dateModified\":\"2025-12-06T13:51:38+00:00\",\"description\":\"Santoluca R\u00e9novation est votre artisan ma\u00e7on expert en r\u00e9novation et construction sur mesure depuis plus de 15 ans. Sommi\u00e8res et alentours\",\"breadcrumb\":{\"@id\":\"http:\\\/\\\/santolucarenovation.fr\\\/index.php\\\/macon-sommieres-et-alentours-construction-et-renovation-habitat\\\/#breadcrumb\"},\"inLanguage\":\"fr-FR\",\"potentialAction\":[{\"@type\":\"ReadAction\",\"target\":[\"http:\\\/\\\/santolucarenovation.fr\\\/index.php\\\/macon-sommieres-et-alentours-construction-et-renovation-habitat\\\/\"]}]},{\"@type\":\"ImageObject\",\"inLanguage\":\"fr-FR\",\"@id\":\"http:\\\/\\\/santolucarenovation.fr\\\/index.php\\\/macon-sommieres-et-alentours-construction-et-renovation-habitat\\\/#primaryimage\",\"url\":\"https:\\\/\\\/santolucarenovation.fr\\\/wp-content\\\/uploads\\\/2025\\\/11\\\/Design-sans-titre-8.png\",\"contentUrl\":\"https:\\\/\\\/santolucarenovation.fr\\\/wp-content\\\/uploads\\\/2025\\\/11\\\/Design-sans-titre-8.png\",\"width\":1366,\"height\":768},{\"@type\":\"BreadcrumbList\",\"@id\":\"http:\\\/\\\/santolucarenovation.fr\\\/index.php\\\/macon-sommieres-et-alentours-construction-et-renovation-habitat\\\/#breadcrumb\",\"itemListElement\":[{\"@type\":\"ListItem\",\"position\":1,\"name\":\"Accueil\",\"item\":\"http:\\\/\\\/santolucarenovation.fr\\\/\"},{\"@type\":\"ListItem\",\"position\":2,\"name\":\"Ma\u00e7on sommi\u00e8res et environ construction et r\u00e9novation habitat\"}]},{\"@type\":\"WebSite\",\"@id\":\"http:\\\/\\\/santolucarenovation.fr\\\/#website\",\"url\":\"http:\\\/\\\/santolucarenovation.fr\\\/\",\"name\":\"Santoluca R\u00e9novation\",\"description\":\"Votre ma\u00e7on sur le pays de Sommi\u00e8res\",\"publisher\":{\"@id\":\"http:\\\/\\\/santolucarenovation.fr\\\/#organization\"},\"potentialAction\":[{\"@type\":\"SearchAction\",\"target\":{\"@type\":\"EntryPoint\",\"urlTemplate\":\"http:\\\/\\\/santolucarenovation.fr\\\/?s={search_term_string}\"},\"query-input\":{\"@type\":\"PropertyValueSpecification\",\"valueRequired\":true,\"valueName\":\"search_term_string\"}}],\"inLanguage\":\"fr-FR\"},{\"@type\":\"Organization\",\"@id\":\"http:\\\/\\\/santolucarenovation.fr\\\/#organization\",\"name\":\"Santoluca R\u00e9novation\",\"url\":\"http:\\\/\\\/santolucarenovation.fr\\\/\",\"logo\":{\"@type\":\"ImageObject\",\"inLanguage\":\"fr-FR\",\"@id\":\"http:\\\/\\\/santolucarenovation.fr\\\/#\\\/schema\\\/logo\\\/image\\\/\",\"url\":\"https:\\\/\\\/santolucarenovation.fr\\\/wp-content\\\/uploads\\\/2025\\\/11\\\/logo-santo-1.png\",\"contentUrl\":\"https:\\\/\\\/santolucarenovation.fr\\\/wp-content\\\/uploads\\\/2025\\\/11\\\/logo-santo-1.png\",\"width\":747,\"height\":209,\"caption\":\"Santoluca R\u00e9novation\"},\"image\":{\"@id\":\"http:\\\/\\\/santolucarenovation.fr\\\/#\\\/schema\\\/logo\\\/image\\\/\"}}]}<\/script>\n<!-- \/ Yoast SEO plugin. -->","yoast_head_json":{"title":"Ma\u00e7on sommi\u00e8res et environ construction et r\u00e9novation habitat - Santoluca R\u00e9novation","description":"Santoluca R\u00e9novation est votre artisan ma\u00e7on expert en r\u00e9novation et construction sur mesure depuis plus de 15 ans. Sommi\u00e8res et alentours","robots":{"index":"index","follow":"follow","max-snippet":"max-snippet:-1","max-image-preview":"max-image-preview:large","max-video-preview":"max-video-preview:-1"},"canonical":"http:\/\/santolucarenovation.fr\/index.php\/macon-sommieres-et-alentours-construction-et-renovation-habitat\/","og_locale":"fr_FR","og_type":"article","og_title":"Santoluca R\u00e9novation Ma\u00e7on sommi\u00e8res et environ construction et r\u00e9novation habitat","og_description":"Santoluca R\u00e9novation Ma\u00e7on sommi\u00e8res et environ construction et r\u00e9novation habitat","og_url":"http:\/\/santolucarenovation.fr\/index.php\/macon-sommieres-et-alentours-construction-et-renovation-habitat\/","og_site_name":"Santoluca R\u00e9novation","article_modified_time":"2025-12-06T13:51:38+00:00","og_image":[{"width":1366,"height":768,"url":"http:\/\/santolucarenovation.fr\/wp-content\/uploads\/2025\/11\/Design-sans-titre-8.png","type":"image\/png"}],"twitter_card":"summary_large_image","twitter_misc":{"Dur\u00e9e de lecture estim\u00e9e":"2 minutes"},"schema":{"@context":"https:\/\/schema.org","@graph":[{"@type":"WebPage","@id":"http:\/\/santolucarenovation.fr\/index.php\/macon-sommieres-et-alentours-construction-et-renovation-habitat\/","url":"http:\/\/santolucarenovation.fr\/index.php\/macon-sommieres-et-alentours-construction-et-renovation-habitat\/","name":"Ma\u00e7on sommi\u00e8res et environ construction et r\u00e9novation habitat - Santoluca R\u00e9novation","isPartOf":{"@id":"http:\/\/santolucarenovation.fr\/#website"},"primaryImageOfPage":{"@id":"http:\/\/santolucarenovation.fr\/index.php\/macon-sommieres-et-alentours-construction-et-renovation-habitat\/#primaryimage"},"image":{"@id":"http:\/\/santolucarenovation.fr\/index.php\/macon-sommieres-et-alentours-construction-et-renovation-habitat\/#primaryimage"},"thumbnailUrl":"https:\/\/santolucarenovation.fr\/wp-content\/uploads\/2025\/11\/Design-sans-titre-8.png","datePublished":"2025-12-05T06:24:13+00:00","dateModified":"2025-12-06T13:51:38+00:00","description":"Santoluca R\u00e9novation est votre artisan ma\u00e7on expert en r\u00e9novation et construction sur mesure depuis plus de 15 ans. Sommi\u00e8res et alentours","breadcrumb":{"@id":"http:\/\/santolucarenovation.fr\/index.php\/macon-sommieres-et-alentours-construction-et-renovation-habitat\/#breadcrumb"},"inLanguage":"fr-FR","potentialAction":[{"@type":"ReadAction","target":["http:\/\/santolucarenovation.fr\/index.php\/macon-sommieres-et-alentours-construction-et-renovation-habitat\/"]}]},{"@type":"ImageObject","inLanguage":"fr-FR","@id":"http:\/\/santolucarenovation.fr\/index.php\/macon-sommieres-et-alentours-construction-et-renovation-habitat\/#primaryimage","url":"https:\/\/santolucarenovation.fr\/wp-content\/uploads\/2025\/11\/Design-sans-titre-8.png","contentUrl":"https:\/\/santolucarenovation.fr\/wp-content\/uploads\/2025\/11\/Design-sans-titre-8.png","width":1366,"height":768},{"@type":"BreadcrumbList","@id":"http:\/\/santolucarenovation.fr\/index.php\/macon-sommieres-et-alentours-construction-et-renovation-habitat\/#breadcrumb","itemListElement":[{"@type":"ListItem","position":1,"name":"Accueil","item":"http:\/\/santolucarenovation.fr\/"},{"@type":"ListItem","position":2,"name":"Ma\u00e7on sommi\u00e8res et environ construction et r\u00e9novation habitat"}]},{"@type":"WebSite","@id":"http:\/\/santolucarenovation.fr\/#website","url":"http:\/\/santolucarenovation.fr\/","name":"Santoluca R\u00e9novation","description":"Votre ma\u00e7on sur le pays de Sommi\u00e8res","publisher":{"@id":"http:\/\/santolucarenovation.fr\/#organization"},"potentialAction":[{"@type":"SearchAction","target":{"@type":"EntryPoint","urlTemplate":"http:\/\/santolucarenovation.fr\/?s={search_term_string}"},"query-input":{"@type":"PropertyValueSpecification","valueRequired":true,"valueName":"search_term_string"}}],"inLanguage":"fr-FR"},{"@type":"Organization","@id":"http:\/\/santolucarenovation.fr\/#organization","name":"Santoluca R\u00e9novation","url":"http:\/\/santolucarenovation.fr\/","logo":{"@type":"ImageObject","inLanguage":"fr-FR","@id":"http:\/\/santolucarenovation.fr\/#\/schema\/logo\/image\/","url":"https:\/\/santolucarenovation.fr\/wp-content\/uploads\/2025\/11\/logo-santo-1.png","contentUrl":"https:\/\/santolucarenovation.fr\/wp-content\/uploads\/2025\/11\/logo-santo-1.png","width":747,"height":209,"caption":"Santoluca R\u00e9novation"},"image":{"@id":"http:\/\/santolucarenovation.fr\/#\/schema\/logo\/image\/"}}]}},"_links":{"self":[{"href":"https:\/\/santolucarenovation.fr\/index.php\/wp-json\/wp\/v2\/pages\/242","targetHints":{"allow":["GET"]}}],"collection":[{"href":"https:\/\/santolucarenovation.fr\/index.php\/wp-json\/wp\/v2\/pages"}],"about":[{"href":"https:\/\/santolucarenovation.fr\/index.php\/wp-json\/wp\/v2\/types\/page"}],"author":[{"embeddable":true,"href":"https:\/\/santolucarenovation.fr\/index.php\/wp-json\/wp\/v2\/users\/1"}],"replies":[{"embeddable":true,"href":"https:\/\/santolucarenovation.fr\/index.php\/wp-json\/wp\/v2\/comments?post=242"}],"version-history":[{"count":43,"href":"https:\/\/santolucarenovation.fr\/index.php\/wp-json\/wp\/v2\/pages\/242\/revisions"}],"predecessor-version":[{"id":320,"href":"https:\/\/santolucarenovation.fr\/index.php\/wp-json\/wp\/v2\/pages\/242\/revisions\/320"}],"wp:featuredmedia":[{"embeddable":true,"href":"https:\/\/santolucarenovation.fr\/index.php\/wp-json\/wp\/v2\/media\/160"}],"wp:attachment":[{"href":"https:\/\/santolucarenovation.fr\/index.php\/wp-json\/wp\/v2\/media?parent=242"}],"curies":[{"name":"wp","href":"https:\/\/api.w.org\/{rel}","templated":true}]}}