{"id":235,"date":"2025-12-01T10:07:44","date_gmt":"2025-12-01T09:07:44","guid":{"rendered":"http:\/\/santolucarenovation.fr\/?page_id=235"},"modified":"2025-12-06T14:36:16","modified_gmt":"2025-12-06T13:36:16","slug":"macon-a-sommieres-renovation-maconnerie-generale-30-km-autour","status":"publish","type":"page","link":"https:\/\/santolucarenovation.fr\/index.php\/macon-a-sommieres-renovation-maconnerie-generale-30-km-autour\/","title":{"rendered":"Ma\u00e7on \u00e0 Sommi\u00e8res \u2013 R\u00e9novation &amp; Ma\u00e7onnerie G\u00e9n\u00e9rale (30 km autour)"},"content":{"rendered":"<div class=\"is-default-size wp-block-site-logo\"><a href=\"https:\/\/santolucarenovation.fr\/\" class=\"custom-logo-link\" rel=\"home\"><img loading=\"lazy\" decoding=\"async\" width=\"747\" height=\"209\" src=\"https:\/\/santolucarenovation.fr\/wp-content\/uploads\/2025\/11\/logo-santo-1.png\" class=\"custom-logo\" alt=\"logo-santoluca r\u00e9novation\" srcset=\"https:\/\/santolucarenovation.fr\/wp-content\/uploads\/2025\/11\/logo-santo-1.png 747w, https:\/\/santolucarenovation.fr\/wp-content\/uploads\/2025\/11\/logo-santo-1-300x84.png 300w\" sizes=\"auto, (max-width: 747px) 100vw, 747px\" \/><\/a><\/div>\n\n\n<div class=\"wp-block-superb-addons-reveal-buttons is-content-justification-center is-layout-flex wp-container-superb-addons-reveal-buttons-is-layout-a89b3969 wp-block-superb-addons-reveal-buttons-is-layout-flex\">\n<a class=\"wp-block-superb-addons-reveal-button superb-addons-reveal-button superb-addons-reveal-button-has-reveal\" href=\"sms:\" rel=\"noopener\" target=\"_blank\"><div class=\"superb-addons-reveal-button-element superb-addons-reveal-button-cta\">Envoyez moi un SMS et je vous rappelle<\/div><div class=\"superb-addons-reveal-button-teaser\" data-reveal=\"\"><\/div><\/a>\n<\/div>\n\n\n\n<h5 class=\"wp-block-heading\"><strong>Artisan ma\u00e7on, travaux de r\u00e9novation, construction neuve et ma\u00e7onnerie traditionnelle.<\/strong><\/h5>\n\n\n\n<h2 class=\"wp-block-heading\"><strong>Votre artisan ma\u00e7on \u00e0 Sommi\u00e8res et alentours<\/strong><\/h2>\n\n\n\n<p>Je suis <strong>Santoluca Thomas<\/strong>, artisan ma\u00e7on bas\u00e9 \u00e0 <em>Villevieille<\/em>, proche de <strong>Sommi\u00e8res (30250)<\/strong>.<br>J\u2019interviens dans un rayon d\u2019environ <strong>30 km<\/strong> : Calvisson, Junas, Boisseron, Aubais, Souvignargues, Lecques, Villevieille, Asp\u00e8res, Saint-S\u00e9ri\u00e8s, etc.<\/p>\n\n\n\n<p>Sp\u00e9cialis\u00e9 en <strong>r\u00e9novation<\/strong>, je r\u00e9alise \u00e9galement tous vos travaux de <strong>ma\u00e7onnerie neuve<\/strong> et d\u2019am\u00e9nagements ext\u00e9rieurs. Mon objectif : vous proposer un travail <strong>solide, durable et soign\u00e9<\/strong>, tout en respectant vos d\u00e9lais et votre budget.<\/p>\n\n\n\n<p>Je suis Santoluca Thomas, artisan ma\u00e7on \u00e0 Villevielle. J&rsquo;interviens sur Sommi\u00e8res et 30 km aux alentours. Que vous ayez un projet de <strong>construction, de r\u00e9novation ou d\u2019am\u00e9nagement<\/strong>, je vous propose des travaux de ma\u00e7onnerie r\u00e9alis\u00e9s avec pr\u00e9cision et professionnalisme.<\/p>\n\n\n\n<p>Voici ci dessous quelques exemples de mes prestations en ma\u00e7onnerie g\u00e9n\u00e9rale.<\/p>\n\n\n\n<figure class=\"wp-block-image size-full is-resized\"><img loading=\"lazy\" decoding=\"async\" width=\"400\" height=\"250\" src=\"http:\/\/santolucarenovation.fr\/wp-content\/uploads\/2025\/11\/facade-400x250-1.jpg\" alt=\"Facade 400x250\" class=\"wp-image-173\" style=\"width:800px;height:auto\" srcset=\"https:\/\/santolucarenovation.fr\/wp-content\/uploads\/2025\/11\/facade-400x250-1.jpg 400w, https:\/\/santolucarenovation.fr\/wp-content\/uploads\/2025\/11\/facade-400x250-1-300x188.jpg 300w\" sizes=\"auto, (max-width: 400px) 100vw, 400px\" \/><\/figure>\n\n\n\n<p><strong><em>R\u00e9paration, r\u00e9novation et restauration<\/em><\/strong><\/p>\n\n\n\n<p>R\u00e9parations et r\u00e9novations de ma\u00e7onnerie<br>R\u00e9parations de murs et structures : R\u00e9habilitation de fissures ou d\u2019\u00e9l\u00e9ments d\u00e9grad\u00e9s.<br>Restauration de b\u00e2timents anciens : Conservation du charme originel tout en renfor\u00e7ant la structure.<\/p>\n\n\n\n<div class=\"wp-block-superb-addons-reveal-buttons is-content-justification-center is-layout-flex wp-container-superb-addons-reveal-buttons-is-layout-a89b3969 wp-block-superb-addons-reveal-buttons-is-layout-flex\">\n<a class=\"wp-block-superb-addons-reveal-button superb-addons-reveal-button superb-addons-reveal-button-has-reveal\" href=\"sms:\" rel=\"noopener\" target=\"_blank\"><div class=\"superb-addons-reveal-button-element superb-addons-reveal-button-cta\">Envoyez moi un SMS et je vous rappelle<\/div><div class=\"superb-addons-reveal-button-teaser\" data-reveal=\"\"><\/div><\/a>\n<\/div>\n\n\n\n<figure class=\"wp-block-image alignwide size-full\"><img loading=\"lazy\" decoding=\"async\" width=\"1080\" height=\"675\" src=\"http:\/\/santolucarenovation.fr\/wp-content\/uploads\/2025\/12\/extr-1080x675-1.jpg\" alt=\"\" class=\"wp-image-240\" srcset=\"https:\/\/santolucarenovation.fr\/wp-content\/uploads\/2025\/12\/extr-1080x675-1.jpg 1080w, https:\/\/santolucarenovation.fr\/wp-content\/uploads\/2025\/12\/extr-1080x675-1-300x188.jpg 300w, https:\/\/santolucarenovation.fr\/wp-content\/uploads\/2025\/12\/extr-1080x675-1-1024x640.jpg 1024w, https:\/\/santolucarenovation.fr\/wp-content\/uploads\/2025\/12\/extr-1080x675-1-768x480.jpg 768w\" sizes=\"auto, (max-width: 1080px) 100vw, 1080px\" \/><\/figure>\n\n\n\n<p><strong><em>Construction de murs et cloisons<\/em><\/strong><\/p>\n\n\n\n<p>Murs porteurs : R\u00e9alisation de murs solides et stables pour vos constructions neuves ou extensions.<br>Cloisons : Pose ou modification de cloisons pour organiser et optimiser vos espaces int\u00e9rieurs.<\/p>\n\n\n\n<div class=\"wp-block-superb-addons-reveal-buttons is-content-justification-center is-layout-flex wp-container-superb-addons-reveal-buttons-is-layout-a89b3969 wp-block-superb-addons-reveal-buttons-is-layout-flex\">\n<a class=\"wp-block-superb-addons-reveal-button superb-addons-reveal-button superb-addons-reveal-button-has-reveal\" href=\"sms:\" rel=\"noopener\" target=\"_blank\"><div class=\"superb-addons-reveal-button-element superb-addons-reveal-button-cta\">Envoyez moi un SMS et je vous rappelle<\/div><div class=\"superb-addons-reveal-button-teaser\" data-reveal=\"\"><\/div><\/a>\n<\/div>\n\n\n\n<figure class=\"wp-block-image size-full is-resized\"><img loading=\"lazy\" decoding=\"async\" width=\"400\" height=\"250\" src=\"http:\/\/santolucarenovation.fr\/wp-content\/uploads\/2025\/11\/WhatsApp-Image-2025-03-11-a-13.57.55_845f88cd-400x250-1.jpg\" alt=\"dalle et pool house\" class=\"wp-image-205\" style=\"width:799px;height:auto\" srcset=\"https:\/\/santolucarenovation.fr\/wp-content\/uploads\/2025\/11\/WhatsApp-Image-2025-03-11-a-13.57.55_845f88cd-400x250-1.jpg 400w, https:\/\/santolucarenovation.fr\/wp-content\/uploads\/2025\/11\/WhatsApp-Image-2025-03-11-a-13.57.55_845f88cd-400x250-1-300x188.jpg 300w\" sizes=\"auto, (max-width: 400px) 100vw, 400px\" \/><figcaption class=\"wp-element-caption\">dalle et pool house<\/figcaption><\/figure>\n\n\n\n<p><strong><em>R\u00e9alisation de dalles et fondations<\/em><\/strong><\/p>\n\n\n\n<p>Dalles en b\u00e9ton : Id\u00e9ales pour les sols int\u00e9rieurs ou ext\u00e9rieurs, avec un fini pr\u00e9cis et r\u00e9sistant.<br>Fondations solides : Une base durable pour vos projets de construction, conforme aux normes.<\/p>\n\n\n\n<div class=\"wp-block-superb-addons-reveal-buttons is-content-justification-center is-layout-flex wp-container-superb-addons-reveal-buttons-is-layout-a89b3969 wp-block-superb-addons-reveal-buttons-is-layout-flex\">\n<a class=\"wp-block-superb-addons-reveal-button superb-addons-reveal-button superb-addons-reveal-button-has-reveal\" href=\"sms:\" rel=\"noopener\" target=\"_blank\"><div class=\"superb-addons-reveal-button-element superb-addons-reveal-button-cta\">Envoyez moi un SMS et je vous rappelle<\/div><div class=\"superb-addons-reveal-button-teaser\" data-reveal=\"\"><\/div><\/a>\n<\/div>\n\n\n\n<figure class=\"wp-block-image size-full is-resized\"><img loading=\"lazy\" decoding=\"async\" width=\"284\" height=\"177\" src=\"http:\/\/santolucarenovation.fr\/wp-content\/uploads\/2025\/11\/telechargement-2.jpeg\" alt=\"santoluca r\u00e9onvation carrelage piscine\" class=\"wp-image-7\" style=\"width:800px;height:auto\"\/><figcaption class=\"wp-element-caption\">santoluca r\u00e9onvation carrelage piscine<\/figcaption><\/figure>\n\n\n\n<p><em><strong>Cr\u00e9ation d\u2019escaliers en b\u00e9ton<\/strong><\/em><\/p>\n\n\n\n<p>Conception et r\u00e9alisation d\u2019escaliers sur-mesure, alliant robustesse et esth\u00e9tique, adapt\u00e9s \u00e0 votre int\u00e9rieur ou ext\u00e9rieur.<\/p>\n\n\n\n<p><\/p>\n","protected":false},"excerpt":{"rendered":"<p>Artisan ma\u00e7on, travaux de r\u00e9novation, construction neuve et ma\u00e7onnerie traditionnelle. Votre artisan ma\u00e7on \u00e0 Sommi\u00e8res et alentours Je suis Santoluca Thomas, artisan ma\u00e7on bas\u00e9 \u00e0 Villevieille, proche de Sommi\u00e8res (30250).J\u2019interviens dans un rayon d\u2019environ 30 km : Calvisson, Junas, Boisseron, Aubais, Souvignargues, Lecques, Villevieille, Asp\u00e8res, Saint-S\u00e9ri\u00e8s, etc. Sp\u00e9cialis\u00e9 en r\u00e9novation, je r\u00e9alise \u00e9galement tous vos [&hellip;]<\/p>\n","protected":false},"author":1,"featured_media":205,"parent":0,"menu_order":0,"comment_status":"closed","ping_status":"closed","template":"","meta":{"slim_seo":{"description":"Ma\u00e7on \u00e0 Sommi\u00e8res \u2013 R\u00e9novation & Ma\u00e7onnerie G\u00e9n\u00e9rale (30 km autour). Demandez votre devis construction ou r\u00e9novation","title":"Ma\u00e7on \u00e0 Sommi\u00e8res \u2013 R\u00e9novation &amp; Ma\u00e7onnerie G\u00e9n\u00e9rale (30 km autour) - Santoluca R\u00e9novation"},"footnotes":""},"class_list":["post-235","page","type-page","status-publish","has-post-thumbnail","hentry"],"yoast_head":"<!-- This site is optimized with the Yoast SEO plugin v27.3 - https:\/\/yoast.com\/product\/yoast-seo-wordpress\/ -->\n<title>Ma\u00e7on \u00e0 Sommi\u00e8res \u2013 R\u00e9novation &amp; Ma\u00e7onnerie G\u00e9n\u00e9rale (30 km autour) - Santoluca R\u00e9novation<\/title>\n<meta name=\"description\" content=\"Ma\u00e7on \u00e0 Sommi\u00e8res \u2013 R\u00e9novation &amp; Ma\u00e7onnerie G\u00e9n\u00e9rale (30 km autour). Demandez votre devis construction ou r\u00e9novation\" \/>\n<meta name=\"robots\" content=\"index, follow, max-snippet:-1, max-image-preview:large, max-video-preview:-1\" \/>\n<link rel=\"canonical\" href=\"http:\/\/santolucarenovation.fr\/index.php\/macon-a-sommieres-renovation-maconnerie-generale-30-km-autour\/\" \/>\n<meta property=\"og:locale\" content=\"fr_FR\" \/>\n<meta property=\"og:type\" content=\"article\" \/>\n<meta property=\"og:title\" content=\"Ma\u00e7on \u00e0 Sommi\u00e8res \u2013 R\u00e9novation &amp; Ma\u00e7onnerie G\u00e9n\u00e9rale (30 km autour) - Santoluca R\u00e9novation\" \/>\n<meta property=\"og:description\" content=\"Ma\u00e7on \u00e0 Sommi\u00e8res \u2013 R\u00e9novation &amp; Ma\u00e7onnerie G\u00e9n\u00e9rale (30 km autour). Demandez votre devis construction ou r\u00e9novation\" \/>\n<meta property=\"og:url\" content=\"http:\/\/santolucarenovation.fr\/index.php\/macon-a-sommieres-renovation-maconnerie-generale-30-km-autour\/\" \/>\n<meta property=\"og:site_name\" content=\"Santoluca R\u00e9novation\" \/>\n<meta property=\"article:modified_time\" content=\"2025-12-06T13:36:16+00:00\" \/>\n<meta property=\"og:image\" content=\"http:\/\/santolucarenovation.fr\/wp-content\/uploads\/2025\/11\/WhatsApp-Image-2025-03-11-a-13.57.55_845f88cd-400x250-1.jpg\" \/>\n\t<meta property=\"og:image:width\" content=\"400\" \/>\n\t<meta property=\"og:image:height\" content=\"250\" \/>\n\t<meta property=\"og:image:type\" content=\"image\/jpeg\" \/>\n<meta name=\"twitter:card\" content=\"summary_large_image\" \/>\n<meta name=\"twitter:label1\" content=\"Dur\u00e9e de lecture estim\u00e9e\" \/>\n\t<meta name=\"twitter:data1\" content=\"3 minutes\" \/>\n<script type=\"application\/ld+json\" class=\"yoast-schema-graph\">{\"@context\":\"https:\\\/\\\/schema.org\",\"@graph\":[{\"@type\":\"WebPage\",\"@id\":\"http:\\\/\\\/santolucarenovation.fr\\\/index.php\\\/macon-a-sommieres-renovation-maconnerie-generale-30-km-autour\\\/\",\"url\":\"http:\\\/\\\/santolucarenovation.fr\\\/index.php\\\/macon-a-sommieres-renovation-maconnerie-generale-30-km-autour\\\/\",\"name\":\"Ma\u00e7on \u00e0 Sommi\u00e8res \u2013 R\u00e9novation &amp; Ma\u00e7onnerie G\u00e9n\u00e9rale (30 km autour) - Santoluca R\u00e9novation\",\"isPartOf\":{\"@id\":\"http:\\\/\\\/santolucarenovation.fr\\\/#website\"},\"primaryImageOfPage\":{\"@id\":\"http:\\\/\\\/santolucarenovation.fr\\\/index.php\\\/macon-a-sommieres-renovation-maconnerie-generale-30-km-autour\\\/#primaryimage\"},\"image\":{\"@id\":\"http:\\\/\\\/santolucarenovation.fr\\\/index.php\\\/macon-a-sommieres-renovation-maconnerie-generale-30-km-autour\\\/#primaryimage\"},\"thumbnailUrl\":\"https:\\\/\\\/santolucarenovation.fr\\\/wp-content\\\/uploads\\\/2025\\\/11\\\/WhatsApp-Image-2025-03-11-a-13.57.55_845f88cd-400x250-1.jpg\",\"datePublished\":\"2025-12-01T09:07:44+00:00\",\"dateModified\":\"2025-12-06T13:36:16+00:00\",\"description\":\"Ma\u00e7on \u00e0 Sommi\u00e8res \u2013 R\u00e9novation & Ma\u00e7onnerie G\u00e9n\u00e9rale (30 km autour). Demandez votre devis construction ou r\u00e9novation\",\"breadcrumb\":{\"@id\":\"http:\\\/\\\/santolucarenovation.fr\\\/index.php\\\/macon-a-sommieres-renovation-maconnerie-generale-30-km-autour\\\/#breadcrumb\"},\"inLanguage\":\"fr-FR\",\"potentialAction\":[{\"@type\":\"ReadAction\",\"target\":[\"http:\\\/\\\/santolucarenovation.fr\\\/index.php\\\/macon-a-sommieres-renovation-maconnerie-generale-30-km-autour\\\/\"]}]},{\"@type\":\"ImageObject\",\"inLanguage\":\"fr-FR\",\"@id\":\"http:\\\/\\\/santolucarenovation.fr\\\/index.php\\\/macon-a-sommieres-renovation-maconnerie-generale-30-km-autour\\\/#primaryimage\",\"url\":\"https:\\\/\\\/santolucarenovation.fr\\\/wp-content\\\/uploads\\\/2025\\\/11\\\/WhatsApp-Image-2025-03-11-a-13.57.55_845f88cd-400x250-1.jpg\",\"contentUrl\":\"https:\\\/\\\/santolucarenovation.fr\\\/wp-content\\\/uploads\\\/2025\\\/11\\\/WhatsApp-Image-2025-03-11-a-13.57.55_845f88cd-400x250-1.jpg\",\"width\":400,\"height\":250,\"caption\":\"dalle et pool house\"},{\"@type\":\"BreadcrumbList\",\"@id\":\"http:\\\/\\\/santolucarenovation.fr\\\/index.php\\\/macon-a-sommieres-renovation-maconnerie-generale-30-km-autour\\\/#breadcrumb\",\"itemListElement\":[{\"@type\":\"ListItem\",\"position\":1,\"name\":\"Accueil\",\"item\":\"http:\\\/\\\/santolucarenovation.fr\\\/\"},{\"@type\":\"ListItem\",\"position\":2,\"name\":\"Ma\u00e7on \u00e0 Sommi\u00e8res \u2013 R\u00e9novation &amp; Ma\u00e7onnerie G\u00e9n\u00e9rale (30 km autour)\"}]},{\"@type\":\"WebSite\",\"@id\":\"http:\\\/\\\/santolucarenovation.fr\\\/#website\",\"url\":\"http:\\\/\\\/santolucarenovation.fr\\\/\",\"name\":\"Santoluca R\u00e9novation\",\"description\":\"Votre ma\u00e7on sur le pays de Sommi\u00e8res\",\"publisher\":{\"@id\":\"http:\\\/\\\/santolucarenovation.fr\\\/#organization\"},\"potentialAction\":[{\"@type\":\"SearchAction\",\"target\":{\"@type\":\"EntryPoint\",\"urlTemplate\":\"http:\\\/\\\/santolucarenovation.fr\\\/?s={search_term_string}\"},\"query-input\":{\"@type\":\"PropertyValueSpecification\",\"valueRequired\":true,\"valueName\":\"search_term_string\"}}],\"inLanguage\":\"fr-FR\"},{\"@type\":\"Organization\",\"@id\":\"http:\\\/\\\/santolucarenovation.fr\\\/#organization\",\"name\":\"Santoluca R\u00e9novation\",\"url\":\"http:\\\/\\\/santolucarenovation.fr\\\/\",\"logo\":{\"@type\":\"ImageObject\",\"inLanguage\":\"fr-FR\",\"@id\":\"http:\\\/\\\/santolucarenovation.fr\\\/#\\\/schema\\\/logo\\\/image\\\/\",\"url\":\"https:\\\/\\\/santolucarenovation.fr\\\/wp-content\\\/uploads\\\/2025\\\/11\\\/logo-santo-1.png\",\"contentUrl\":\"https:\\\/\\\/santolucarenovation.fr\\\/wp-content\\\/uploads\\\/2025\\\/11\\\/logo-santo-1.png\",\"width\":747,\"height\":209,\"caption\":\"Santoluca R\u00e9novation\"},\"image\":{\"@id\":\"http:\\\/\\\/santolucarenovation.fr\\\/#\\\/schema\\\/logo\\\/image\\\/\"}}]}<\/script>\n<!-- \/ Yoast SEO plugin. -->","yoast_head_json":{"title":"Ma\u00e7on \u00e0 Sommi\u00e8res \u2013 R\u00e9novation &amp; Ma\u00e7onnerie G\u00e9n\u00e9rale (30 km autour) - Santoluca R\u00e9novation","description":"Ma\u00e7on \u00e0 Sommi\u00e8res \u2013 R\u00e9novation & Ma\u00e7onnerie G\u00e9n\u00e9rale (30 km autour). Demandez votre devis construction ou r\u00e9novation","robots":{"index":"index","follow":"follow","max-snippet":"max-snippet:-1","max-image-preview":"max-image-preview:large","max-video-preview":"max-video-preview:-1"},"canonical":"http:\/\/santolucarenovation.fr\/index.php\/macon-a-sommieres-renovation-maconnerie-generale-30-km-autour\/","og_locale":"fr_FR","og_type":"article","og_title":"Ma\u00e7on \u00e0 Sommi\u00e8res \u2013 R\u00e9novation &amp; Ma\u00e7onnerie G\u00e9n\u00e9rale (30 km autour) - Santoluca R\u00e9novation","og_description":"Ma\u00e7on \u00e0 Sommi\u00e8res \u2013 R\u00e9novation & Ma\u00e7onnerie G\u00e9n\u00e9rale (30 km autour). Demandez votre devis construction ou r\u00e9novation","og_url":"http:\/\/santolucarenovation.fr\/index.php\/macon-a-sommieres-renovation-maconnerie-generale-30-km-autour\/","og_site_name":"Santoluca R\u00e9novation","article_modified_time":"2025-12-06T13:36:16+00:00","og_image":[{"width":400,"height":250,"url":"http:\/\/santolucarenovation.fr\/wp-content\/uploads\/2025\/11\/WhatsApp-Image-2025-03-11-a-13.57.55_845f88cd-400x250-1.jpg","type":"image\/jpeg"}],"twitter_card":"summary_large_image","twitter_misc":{"Dur\u00e9e de lecture estim\u00e9e":"3 minutes"},"schema":{"@context":"https:\/\/schema.org","@graph":[{"@type":"WebPage","@id":"http:\/\/santolucarenovation.fr\/index.php\/macon-a-sommieres-renovation-maconnerie-generale-30-km-autour\/","url":"http:\/\/santolucarenovation.fr\/index.php\/macon-a-sommieres-renovation-maconnerie-generale-30-km-autour\/","name":"Ma\u00e7on \u00e0 Sommi\u00e8res \u2013 R\u00e9novation &amp; Ma\u00e7onnerie G\u00e9n\u00e9rale (30 km autour) - Santoluca R\u00e9novation","isPartOf":{"@id":"http:\/\/santolucarenovation.fr\/#website"},"primaryImageOfPage":{"@id":"http:\/\/santolucarenovation.fr\/index.php\/macon-a-sommieres-renovation-maconnerie-generale-30-km-autour\/#primaryimage"},"image":{"@id":"http:\/\/santolucarenovation.fr\/index.php\/macon-a-sommieres-renovation-maconnerie-generale-30-km-autour\/#primaryimage"},"thumbnailUrl":"https:\/\/santolucarenovation.fr\/wp-content\/uploads\/2025\/11\/WhatsApp-Image-2025-03-11-a-13.57.55_845f88cd-400x250-1.jpg","datePublished":"2025-12-01T09:07:44+00:00","dateModified":"2025-12-06T13:36:16+00:00","description":"Ma\u00e7on \u00e0 Sommi\u00e8res \u2013 R\u00e9novation & Ma\u00e7onnerie G\u00e9n\u00e9rale (30 km autour). Demandez votre devis construction ou r\u00e9novation","breadcrumb":{"@id":"http:\/\/santolucarenovation.fr\/index.php\/macon-a-sommieres-renovation-maconnerie-generale-30-km-autour\/#breadcrumb"},"inLanguage":"fr-FR","potentialAction":[{"@type":"ReadAction","target":["http:\/\/santolucarenovation.fr\/index.php\/macon-a-sommieres-renovation-maconnerie-generale-30-km-autour\/"]}]},{"@type":"ImageObject","inLanguage":"fr-FR","@id":"http:\/\/santolucarenovation.fr\/index.php\/macon-a-sommieres-renovation-maconnerie-generale-30-km-autour\/#primaryimage","url":"https:\/\/santolucarenovation.fr\/wp-content\/uploads\/2025\/11\/WhatsApp-Image-2025-03-11-a-13.57.55_845f88cd-400x250-1.jpg","contentUrl":"https:\/\/santolucarenovation.fr\/wp-content\/uploads\/2025\/11\/WhatsApp-Image-2025-03-11-a-13.57.55_845f88cd-400x250-1.jpg","width":400,"height":250,"caption":"dalle et pool house"},{"@type":"BreadcrumbList","@id":"http:\/\/santolucarenovation.fr\/index.php\/macon-a-sommieres-renovation-maconnerie-generale-30-km-autour\/#breadcrumb","itemListElement":[{"@type":"ListItem","position":1,"name":"Accueil","item":"http:\/\/santolucarenovation.fr\/"},{"@type":"ListItem","position":2,"name":"Ma\u00e7on \u00e0 Sommi\u00e8res \u2013 R\u00e9novation &amp; Ma\u00e7onnerie G\u00e9n\u00e9rale (30 km autour)"}]},{"@type":"WebSite","@id":"http:\/\/santolucarenovation.fr\/#website","url":"http:\/\/santolucarenovation.fr\/","name":"Santoluca R\u00e9novation","description":"Votre ma\u00e7on sur le pays de Sommi\u00e8res","publisher":{"@id":"http:\/\/santolucarenovation.fr\/#organization"},"potentialAction":[{"@type":"SearchAction","target":{"@type":"EntryPoint","urlTemplate":"http:\/\/santolucarenovation.fr\/?s={search_term_string}"},"query-input":{"@type":"PropertyValueSpecification","valueRequired":true,"valueName":"search_term_string"}}],"inLanguage":"fr-FR"},{"@type":"Organization","@id":"http:\/\/santolucarenovation.fr\/#organization","name":"Santoluca R\u00e9novation","url":"http:\/\/santolucarenovation.fr\/","logo":{"@type":"ImageObject","inLanguage":"fr-FR","@id":"http:\/\/santolucarenovation.fr\/#\/schema\/logo\/image\/","url":"https:\/\/santolucarenovation.fr\/wp-content\/uploads\/2025\/11\/logo-santo-1.png","contentUrl":"https:\/\/santolucarenovation.fr\/wp-content\/uploads\/2025\/11\/logo-santo-1.png","width":747,"height":209,"caption":"Santoluca R\u00e9novation"},"image":{"@id":"http:\/\/santolucarenovation.fr\/#\/schema\/logo\/image\/"}}]}},"_links":{"self":[{"href":"https:\/\/santolucarenovation.fr\/index.php\/wp-json\/wp\/v2\/pages\/235","targetHints":{"allow":["GET"]}}],"collection":[{"href":"https:\/\/santolucarenovation.fr\/index.php\/wp-json\/wp\/v2\/pages"}],"about":[{"href":"https:\/\/santolucarenovation.fr\/index.php\/wp-json\/wp\/v2\/types\/page"}],"author":[{"embeddable":true,"href":"https:\/\/santolucarenovation.fr\/index.php\/wp-json\/wp\/v2\/users\/1"}],"replies":[{"embeddable":true,"href":"https:\/\/santolucarenovation.fr\/index.php\/wp-json\/wp\/v2\/comments?post=235"}],"version-history":[{"count":3,"href":"https:\/\/santolucarenovation.fr\/index.php\/wp-json\/wp\/v2\/pages\/235\/revisions"}],"predecessor-version":[{"id":313,"href":"https:\/\/santolucarenovation.fr\/index.php\/wp-json\/wp\/v2\/pages\/235\/revisions\/313"}],"wp:featuredmedia":[{"embeddable":true,"href":"https:\/\/santolucarenovation.fr\/index.php\/wp-json\/wp\/v2\/media\/205"}],"wp:attachment":[{"href":"https:\/\/santolucarenovation.fr\/index.php\/wp-json\/wp\/v2\/media?parent=235"}],"curies":[{"name":"wp","href":"https:\/\/api.w.org\/{rel}","templated":true}]}}